{"id":2346,"date":"2023-08-31T08:49:47","date_gmt":"2023-08-31T08:49:47","guid":{"rendered":"https:\/\/alexmelpastelarias.com\/?page_id=2346"},"modified":"2024-04-30T00:36:38","modified_gmt":"2024-04-30T00:36:38","slug":"bolos","status":"publish","type":"page","link":"https:\/\/alexmelpastelarias.com\/index.php\/bolos\/","title":{"rendered":"Bolos"},"content":{"rendered":"<p>[vc_row content_layout=&#8221;boxed&#8221; equal_height=&#8221;&#8221; animation_delay=&#8221;&#8221; disable=&#8221;&#8221; id=&#8221;&#8221; class=&#8221;&#8221; bg_type=&#8221;image&#8221; bg_image=&#8221;&#8221; color_overlay=&#8221;&#8221; enable_parallax=&#8221;&#8221; enable_pattern=&#8221;&#8221;][vc_column layout=&#8221;normal&#8221; vertical_align=&#8221;auto&#8221; animation_delay=&#8221;&#8221;][vc_column_text]<\/p>\n<div class=\"wp_bg columns1_col_bg_0\">Na <strong class=\"\">Alexmel<\/strong>\u00a0&#8211;\u00a0<strong class=\"\">Pastelarias<\/strong>\u00a0Lda, fazemos\u00a0<strong class=\"\">bolos<\/strong>\u00a0para todas as ocasi\u00f5es, que n\u00e3o s\u00e3o apenas deliciosos, mas quase demasiado bonitos para serem comidos! Como todos os nossos bolos s\u00e3o feitos artesanalmente e por encomenda, oferecemos todos os tipos de formas e tamanhos, de acordo com as suas necessidades.<\/div>\n<div id=\"page67_container1\" class=\"wp_col_content columns1_col_box_0\">\n<div><\/div>\n<div id=\"page67_htmltext2\" class=\"htmltext2_wp_outer\">\n<p><br class=\"\" \/>As nossas receitas incluem o indulgente\u00a0<strong class=\"\">Bolo de Chocolate<\/strong>, o delicioso bolo de Lim\u00e3o, bolo de cenoura e Bolo de Frutas Cristalizadas. Tamb\u00e9m dispomos de uma vasta selec\u00e7\u00e3o de bolos para todas as ocasi\u00f5es, desde\u00a0<strong class=\"\">Bolos de Casamento<\/strong>,\u00a0<strong class=\"\">Bolos de Anivers\u00e1rio<\/strong>,\u00a0<strong class=\"\">Bolos Originais<\/strong>,\u00a0<strong class=\"\">Bolos de Natal<\/strong>\u00a0e muitos mais.<\/p>\n<div class=\"clear_div\"><\/div>\n<\/div>\n<div class=\"clear_div\">Orgulhamo-nos do nosso servi\u00e7o cordial e eficiente e para n\u00f3s os clientes s\u00e3o a principal prioridade. Podemos criar o desenho do bolo de acordo com os seus requisitos e <strong class=\"\">bolos<\/strong>\u00a0personalizados s\u00e3o uma especialidade. Pode dar-nos uma fotografia ou dizer-nos o tipo de desenho que quer e n\u00f3s faz\u00eamo-lo.<\/div>\n<\/div>\n<div id=\"page67_container2\" class=\"wp_col_content columns1_col_box_1\">\n<div id=\"page67_htmltext1\" class=\"htmltext1_wp_outer\"><br class=\"\" \/>Os nossos\u00a0<strong class=\"\">pasteleiros<\/strong>\u00a0altamente criativos produzem desenhos \u00fanicos para si sem comprometer o sabor!<\/div>\n<\/div>\n<p>[\/vc_column_text][vc_row_inner equal_height=&#8221;&#8221; animation_delay=&#8221;&#8221; disable=&#8221;&#8221; id=&#8221;&#8221; class=&#8221;&#8221;][vc_column_inner vertical_align=&#8221;top&#8221; animation_delay=&#8221;&#8221;][vc_column_text css=&#8221;.vc_custom_1693479783838{padding-bottom: 5px !important;}&#8221;]<\/p>\n<h2 class=\"title\" style=\"text-align: center;\">Bolos para Festas, Batizados, Casamentos. Especialidades da Pastelaria<\/h2>\n<p>[\/vc_column_text][\/vc_column_inner][\/vc_row_inner][\/vc_column][\/vc_row][vc_row content_layout=&#8221;boxed&#8221; equal_height=&#8221;&#8221; animation_delay=&#8221;&#8221; disable=&#8221;&#8221; id=&#8221;&#8221; class=&#8221;&#8221; bg_type=&#8221;image&#8221; bg_image=&#8221;&#8221; color_overlay=&#8221;&#8221; enable_parallax=&#8221;&#8221; enable_pattern=&#8221;&#8221;][vc_column layout=&#8221;normal&#8221; vertical_align=&#8221;auto&#8221; animation_delay=&#8221;&#8221;][vc_gallery type=&#8221;image_grid&#8221; images=&#8221;2351,2353,2355,2360,2365,2503,2505,2492,2499,2490,2491,2498,2497,2493,2485,2486,2487,2488,2489,2481,2479,2480,2424,2597,2598,2599,2600,2596&#8243;][\/vc_column][\/vc_row]<\/p>\n","protected":false},"excerpt":{"rendered":"<p>[vc_row content_layout=&#8221;boxed&#8221; equal_height=&#8221;&#8221; animation_delay=&#8221;&#8221; disable=&#8221;&#8221; id=&#8221;&#8221; class=&#8221;&#8221; bg_type=&#8221;image&#8221; bg_image=&#8221;&#8221; color_overlay=&#8221;&#8221; enable_parallax=&#8221;&#8221; enable_pattern=&#8221;&#8221;][vc_column layout=&#8221;normal&#8221; vertical_align=&#8221;auto&#8221; animation_delay=&#8221;&#8221;][vc_column_text] Na Alexmel\u00a0&#8211;\u00a0Pastelarias\u00a0Lda, fazemos\u00a0bolos\u00a0para todas as ocasi\u00f5es, que n\u00e3o s\u00e3o apenas deliciosos, mas quase demasiado bonitos para serem comidos! Como todos os nossos bolos s\u00e3o feitos artesanalmente e por encomenda, oferecemos todos os tipos de formas e tamanhos, de acordo com [&hellip;]<\/p>\n","protected":false},"author":1,"featured_media":0,"parent":0,"menu_order":0,"comment_status":"closed","ping_status":"closed","template":"","meta":{"footnotes":""},"class_list":["post-2346","page","type-page","status-publish","hentry"],"yoast_head":"<!-- This site is optimized with the Yoast SEO plugin v22.5 - https:\/\/yoast.com\/wordpress\/plugins\/seo\/ -->\n<title>Bolos - Alexmel<\/title>\n<meta name=\"robots\" content=\"index, follow, max-snippet:-1, max-image-preview:large, max-video-preview:-1\" \/>\n<link rel=\"canonical\" href=\"https:\/\/alexmelpastelarias.com\/index.php\/bolos\/\" \/>\n<meta property=\"og:locale\" content=\"pt_PT\" \/>\n<meta property=\"og:type\" content=\"article\" \/>\n<meta property=\"og:title\" content=\"Bolos - Alexmel\" \/>\n<meta property=\"og:description\" content=\"[vc_row content_layout=&#8221;boxed&#8221; equal_height=&#8221;&#8221; animation_delay=&#8221;&#8221; disable=&#8221;&#8221; id=&#8221;&#8221; class=&#8221;&#8221; bg_type=&#8221;image&#8221; bg_image=&#8221;&#8221; color_overlay=&#8221;&#8221; enable_parallax=&#8221;&#8221; enable_pattern=&#8221;&#8221;][vc_column layout=&#8221;normal&#8221; vertical_align=&#8221;auto&#8221; animation_delay=&#8221;&#8221;][vc_column_text] Na Alexmel\u00a0&#8211;\u00a0Pastelarias\u00a0Lda, fazemos\u00a0bolos\u00a0para todas as ocasi\u00f5es, que n\u00e3o s\u00e3o apenas deliciosos, mas quase demasiado bonitos para serem comidos! Como todos os nossos bolos s\u00e3o feitos artesanalmente e por encomenda, oferecemos todos os tipos de formas e tamanhos, de acordo com [&hellip;]\" \/>\n<meta property=\"og:url\" content=\"https:\/\/alexmelpastelarias.com\/index.php\/bolos\/\" \/>\n<meta property=\"og:site_name\" content=\"Alexmel\" \/>\n<meta property=\"article:modified_time\" content=\"2024-04-30T00:36:38+00:00\" \/>\n<meta name=\"twitter:card\" content=\"summary_large_image\" \/>\n<meta name=\"twitter:label1\" content=\"Tempo estimado de leitura\" \/>\n\t<meta name=\"twitter:data1\" content=\"2 minutos\" \/>\n<script type=\"application\/ld+json\" class=\"yoast-schema-graph\">{\"@context\":\"https:\/\/schema.org\",\"@graph\":[{\"@type\":\"WebPage\",\"@id\":\"https:\/\/alexmelpastelarias.com\/index.php\/bolos\/\",\"url\":\"https:\/\/alexmelpastelarias.com\/index.php\/bolos\/\",\"name\":\"Bolos - Alexmel\",\"isPartOf\":{\"@id\":\"https:\/\/alexmelpastelarias.com\/#website\"},\"datePublished\":\"2023-08-31T08:49:47+00:00\",\"dateModified\":\"2024-04-30T00:36:38+00:00\",\"breadcrumb\":{\"@id\":\"https:\/\/alexmelpastelarias.com\/index.php\/bolos\/#breadcrumb\"},\"inLanguage\":\"pt-PT\",\"potentialAction\":[{\"@type\":\"ReadAction\",\"target\":[\"https:\/\/alexmelpastelarias.com\/index.php\/bolos\/\"]}]},{\"@type\":\"BreadcrumbList\",\"@id\":\"https:\/\/alexmelpastelarias.com\/index.php\/bolos\/#breadcrumb\",\"itemListElement\":[{\"@type\":\"ListItem\",\"position\":1,\"name\":\"Alexmel\",\"item\":\"https:\/\/alexmelpastelarias.com\/\"},{\"@type\":\"ListItem\",\"position\":2,\"name\":\"Bolos\"}]},{\"@type\":\"WebSite\",\"@id\":\"https:\/\/alexmelpastelarias.com\/#website\",\"url\":\"https:\/\/alexmelpastelarias.com\/\",\"name\":\"Alexmel\",\"description\":\"Pastelarias\",\"publisher\":{\"@id\":\"https:\/\/alexmelpastelarias.com\/#organization\"},\"potentialAction\":[{\"@type\":\"SearchAction\",\"target\":{\"@type\":\"EntryPoint\",\"urlTemplate\":\"https:\/\/alexmelpastelarias.com\/?s={search_term_string}\"},\"query-input\":\"required name=search_term_string\"}],\"inLanguage\":\"pt-PT\"},{\"@type\":\"Organization\",\"@id\":\"https:\/\/alexmelpastelarias.com\/#organization\",\"name\":\"Alexmel\",\"url\":\"https:\/\/alexmelpastelarias.com\/\",\"logo\":{\"@type\":\"ImageObject\",\"inLanguage\":\"pt-PT\",\"@id\":\"https:\/\/alexmelpastelarias.com\/#\/schema\/logo\/image\/\",\"url\":\"https:\/\/alexmelpastelarias.com\/wp-content\/uploads\/2023\/08\/logo.png\",\"contentUrl\":\"https:\/\/alexmelpastelarias.com\/wp-content\/uploads\/2023\/08\/logo.png\",\"width\":500,\"height\":282,\"caption\":\"Alexmel\"},\"image\":{\"@id\":\"https:\/\/alexmelpastelarias.com\/#\/schema\/logo\/image\/\"}}]}<\/script>\n<!-- \/ Yoast SEO plugin. -->","yoast_head_json":{"title":"Bolos - Alexmel","robots":{"index":"index","follow":"follow","max-snippet":"max-snippet:-1","max-image-preview":"max-image-preview:large","max-video-preview":"max-video-preview:-1"},"canonical":"https:\/\/alexmelpastelarias.com\/index.php\/bolos\/","og_locale":"pt_PT","og_type":"article","og_title":"Bolos - Alexmel","og_description":"[vc_row content_layout=&#8221;boxed&#8221; equal_height=&#8221;&#8221; animation_delay=&#8221;&#8221; disable=&#8221;&#8221; id=&#8221;&#8221; class=&#8221;&#8221; bg_type=&#8221;image&#8221; bg_image=&#8221;&#8221; color_overlay=&#8221;&#8221; enable_parallax=&#8221;&#8221; enable_pattern=&#8221;&#8221;][vc_column layout=&#8221;normal&#8221; vertical_align=&#8221;auto&#8221; animation_delay=&#8221;&#8221;][vc_column_text] Na Alexmel\u00a0&#8211;\u00a0Pastelarias\u00a0Lda, fazemos\u00a0bolos\u00a0para todas as ocasi\u00f5es, que n\u00e3o s\u00e3o apenas deliciosos, mas quase demasiado bonitos para serem comidos! Como todos os nossos bolos s\u00e3o feitos artesanalmente e por encomenda, oferecemos todos os tipos de formas e tamanhos, de acordo com [&hellip;]","og_url":"https:\/\/alexmelpastelarias.com\/index.php\/bolos\/","og_site_name":"Alexmel","article_modified_time":"2024-04-30T00:36:38+00:00","twitter_card":"summary_large_image","twitter_misc":{"Tempo estimado de leitura":"2 minutos"},"schema":{"@context":"https:\/\/schema.org","@graph":[{"@type":"WebPage","@id":"https:\/\/alexmelpastelarias.com\/index.php\/bolos\/","url":"https:\/\/alexmelpastelarias.com\/index.php\/bolos\/","name":"Bolos - Alexmel","isPartOf":{"@id":"https:\/\/alexmelpastelarias.com\/#website"},"datePublished":"2023-08-31T08:49:47+00:00","dateModified":"2024-04-30T00:36:38+00:00","breadcrumb":{"@id":"https:\/\/alexmelpastelarias.com\/index.php\/bolos\/#breadcrumb"},"inLanguage":"pt-PT","potentialAction":[{"@type":"ReadAction","target":["https:\/\/alexmelpastelarias.com\/index.php\/bolos\/"]}]},{"@type":"BreadcrumbList","@id":"https:\/\/alexmelpastelarias.com\/index.php\/bolos\/#breadcrumb","itemListElement":[{"@type":"ListItem","position":1,"name":"Alexmel","item":"https:\/\/alexmelpastelarias.com\/"},{"@type":"ListItem","position":2,"name":"Bolos"}]},{"@type":"WebSite","@id":"https:\/\/alexmelpastelarias.com\/#website","url":"https:\/\/alexmelpastelarias.com\/","name":"Alexmel","description":"Pastelarias","publisher":{"@id":"https:\/\/alexmelpastelarias.com\/#organization"},"potentialAction":[{"@type":"SearchAction","target":{"@type":"EntryPoint","urlTemplate":"https:\/\/alexmelpastelarias.com\/?s={search_term_string}"},"query-input":"required name=search_term_string"}],"inLanguage":"pt-PT"},{"@type":"Organization","@id":"https:\/\/alexmelpastelarias.com\/#organization","name":"Alexmel","url":"https:\/\/alexmelpastelarias.com\/","logo":{"@type":"ImageObject","inLanguage":"pt-PT","@id":"https:\/\/alexmelpastelarias.com\/#\/schema\/logo\/image\/","url":"https:\/\/alexmelpastelarias.com\/wp-content\/uploads\/2023\/08\/logo.png","contentUrl":"https:\/\/alexmelpastelarias.com\/wp-content\/uploads\/2023\/08\/logo.png","width":500,"height":282,"caption":"Alexmel"},"image":{"@id":"https:\/\/alexmelpastelarias.com\/#\/schema\/logo\/image\/"}}]}},"_links":{"self":[{"href":"https:\/\/alexmelpastelarias.com\/index.php\/wp-json\/wp\/v2\/pages\/2346","targetHints":{"allow":["GET"]}}],"collection":[{"href":"https:\/\/alexmelpastelarias.com\/index.php\/wp-json\/wp\/v2\/pages"}],"about":[{"href":"https:\/\/alexmelpastelarias.com\/index.php\/wp-json\/wp\/v2\/types\/page"}],"author":[{"embeddable":true,"href":"https:\/\/alexmelpastelarias.com\/index.php\/wp-json\/wp\/v2\/users\/1"}],"replies":[{"embeddable":true,"href":"https:\/\/alexmelpastelarias.com\/index.php\/wp-json\/wp\/v2\/comments?post=2346"}],"version-history":[{"count":6,"href":"https:\/\/alexmelpastelarias.com\/index.php\/wp-json\/wp\/v2\/pages\/2346\/revisions"}],"predecessor-version":[{"id":2603,"href":"https:\/\/alexmelpastelarias.com\/index.php\/wp-json\/wp\/v2\/pages\/2346\/revisions\/2603"}],"wp:attachment":[{"href":"https:\/\/alexmelpastelarias.com\/index.php\/wp-json\/wp\/v2\/media?parent=2346"}],"curies":[{"name":"wp","href":"https:\/\/api.w.org\/{rel}","templated":true}]}}